{"id":53,"date":"2023-11-02T19:35:41","date_gmt":"2023-11-02T19:35:41","guid":{"rendered":"https:\/\/cwgministry.ch\/?page_id=53"},"modified":"2026-01-16T18:02:43","modified_gmt":"2026-01-16T18:02:43","slug":"ueber-uns-2","status":"publish","type":"page","link":"https:\/\/cwgministry.ch\/?page_id=53","title":{"rendered":"\u00dcber uns"},"content":{"rendered":"\n<p>Unser Team besteht aus ganz verschiedenen Menschen mit unterschiedlichen Begabungen, und unser Herz schl\u00e4gt gemeinsam<\/p>\n\n\n\n<ul class=\"wp-block-list\">\n<li>f\u00fcr die ganz pers\u00f6nliche und erfahrbare Beziehung zum Heiligen Geist, dem Vater und Jesus<\/li>\n\n\n\n<li>damit in dieser Begegnung Seine Liebe, Kraft, Freude und Feuer erfahrbar wird<\/li>\n\n\n\n<li>damit wir die Gegenwart von Gott erleben k\u00f6nnen, durch ihn in die himmlische Realit\u00e4t eintreten d\u00fcrfen, Kraft von ihm sp\u00fcrbar erleben d\u00fcrfen und die ganze F\u00fclle vom Himmel in unserem Alltag sichtbar werden darf<\/li>\n\n\n\n<li>dass das prophetische Gebet, welches aus dem Herzen \/ der Liebe Gottes kommt den Menschen dient und dass daraus Heilung und Wunder entstehen d\u00fcrfen<\/li>\n<\/ul>\n\n\n\n<div class=\"wp-block-media-text is-stacked-on-mobile\"><figure class=\"wp-block-media-text__media\"><img loading=\"lazy\" decoding=\"async\" width=\"1024\" height=\"576\" src=\"https:\/\/cwgministry.ch\/wp-content\/uploads\/2026\/01\/WhatsApp-Image-2026-01-16-at-18.59.30-1-1024x576.jpeg\" alt=\"\" class=\"wp-image-206 size-full\" srcset=\"https:\/\/cwgministry.ch\/wp-content\/uploads\/2026\/01\/WhatsApp-Image-2026-01-16-at-18.59.30-1-1024x576.jpeg 1024w, https:\/\/cwgministry.ch\/wp-content\/uploads\/2026\/01\/WhatsApp-Image-2026-01-16-at-18.59.30-1-300x169.jpeg 300w, https:\/\/cwgministry.ch\/wp-content\/uploads\/2026\/01\/WhatsApp-Image-2026-01-16-at-18.59.30-1-768x432.jpeg 768w, https:\/\/cwgministry.ch\/wp-content\/uploads\/2026\/01\/WhatsApp-Image-2026-01-16-at-18.59.30-1-1536x864.jpeg 1536w, https:\/\/cwgministry.ch\/wp-content\/uploads\/2026\/01\/WhatsApp-Image-2026-01-16-at-18.59.30-1.jpeg 1599w\" sizes=\"auto, (max-width: 1024px) 100vw, 1024px\" \/><\/figure><div class=\"wp-block-media-text__content\">\n<p><strong>Wir sind: <\/strong><\/p>\n\n\n\n<p>Martin, Brigitte, Rosmarie, Anne-Marie, Regula, Sarah, Myrielle und Lisi <\/p>\n<\/div><\/div>\n","protected":false},"excerpt":{"rendered":"<p>Unser Team besteht aus ganz verschiedenen Menschen mit unterschiedlichen Begabungen, und unser Herz schl\u00e4gt gemeinsam Wir sind: Martin, Brigitte, Rosmarie,[&#8230;]<\/p>\n","protected":false},"author":1,"featured_media":0,"parent":0,"menu_order":0,"comment_status":"closed","ping_status":"closed","template":"","meta":{"footnotes":""},"class_list":["post-53","page","type-page","status-publish","hentry"],"_links":{"self":[{"href":"https:\/\/cwgministry.ch\/index.php?rest_route=\/wp\/v2\/pages\/53","targetHints":{"allow":["GET"]}}],"collection":[{"href":"https:\/\/cwgministry.ch\/index.php?rest_route=\/wp\/v2\/pages"}],"about":[{"href":"https:\/\/cwgministry.ch\/index.php?rest_route=\/wp\/v2\/types\/page"}],"author":[{"embeddable":true,"href":"https:\/\/cwgministry.ch\/index.php?rest_route=\/wp\/v2\/users\/1"}],"replies":[{"embeddable":true,"href":"https:\/\/cwgministry.ch\/index.php?rest_route=%2Fwp%2Fv2%2Fcomments&post=53"}],"version-history":[{"count":10,"href":"https:\/\/cwgministry.ch\/index.php?rest_route=\/wp\/v2\/pages\/53\/revisions"}],"predecessor-version":[{"id":208,"href":"https:\/\/cwgministry.ch\/index.php?rest_route=\/wp\/v2\/pages\/53\/revisions\/208"}],"wp:attachment":[{"href":"https:\/\/cwgministry.ch\/index.php?rest_route=%2Fwp%2Fv2%2Fmedia&parent=53"}],"curies":[{"name":"wp","href":"https:\/\/api.w.org\/{rel}","templated":true}]}}